{"id":14246,"date":"2019-09-23T18:17:09","date_gmt":"2019-09-23T16:17:09","guid":{"rendered":"http:\/\/muzeumturnov.zpromotion.cz\/?page_id=14246"},"modified":"2020-09-03T10:23:08","modified_gmt":"2020-09-03T08:23:08","slug":"einleitung","status":"publish","type":"page","link":"https:\/\/www.muzeum-turnov.cz\/de\/einleitung\/","title":{"rendered":"Wie man uns findet"},"content":{"rendered":"\t\t<div data-elementor-type=\"wp-post\" data-elementor-id=\"14246\" class=\"elementor elementor-14246 elementor-8617\" data-elementor-settings=\"[]\">\n\t\t\t\t\t\t<div class=\"elementor-inner\">\n\t\t\t\t\t\t\t<div class=\"elementor-section-wrap\">\n\t\t\t\t\t\t\t<section class=\"elementor-section elementor-top-section elementor-element elementor-element-6044a54 elementor-section-stretched elementor-section-full_width elementor-section-height-default elementor-section-height-default\" data-id=\"6044a54\" data-element_type=\"section\" data-settings=\"{&quot;stretch_section&quot;:&quot;section-stretched&quot;,&quot;background_background&quot;:&quot;classic&quot;}\">\n\t\t\t\t\t\t<div class=\"elementor-container elementor-column-gap-default\">\n\t\t\t\t\t\t\t<div class=\"elementor-row\">\n\t\t\t\t\t<div class=\"elementor-column elementor-col-100 elementor-top-column elementor-element elementor-element-03cf6dc\" data-id=\"03cf6dc\" data-element_type=\"column\">\n\t\t\t<div class=\"elementor-column-wrap elementor-element-populated\">\n\t\t\t\t\t\t\t<div class=\"elementor-widget-wrap\">\n\t\t\t\t\t\t<section class=\"elementor-section elementor-inner-section elementor-element elementor-element-06325a0 elementor-section-boxed elementor-section-height-default elementor-section-height-default\" data-id=\"06325a0\" data-element_type=\"section\">\n\t\t\t\t\t\t<div class=\"elementor-container elementor-column-gap-default\">\n\t\t\t\t\t\t\t<div class=\"elementor-row\">\n\t\t\t\t\t<div class=\"elementor-column elementor-col-100 elementor-inner-column elementor-element elementor-element-21c49b7\" data-id=\"21c49b7\" data-element_type=\"column\">\n\t\t\t<div class=\"elementor-column-wrap elementor-element-populated\">\n\t\t\t\t\t\t\t<div class=\"elementor-widget-wrap\">\n\t\t\t\t\t\t<div class=\"elementor-element elementor-element-0ef3645 elementor-widget elementor-widget-image\" data-id=\"0ef3645\" data-element_type=\"widget\" data-widget_type=\"image.default\">\n\t\t\t\t<div class=\"elementor-widget-container\">\n\t\t\t\t\t<div class=\"elementor-image\">\n\t\t\t\t\t\t\t\t\t\t<img width=\"709\" height=\"430\" src=\"https:\/\/www.muzeum-turnov.cz\/wp-content\/uploads\/2019\/08\/MUZEUM-BUDOVA-cista-zmen-709x430.jpg\" class=\"attachment-full size-full\" alt=\"\" srcset=\"https:\/\/www.muzeum-turnov.cz\/wp-content\/uploads\/2019\/08\/MUZEUM-BUDOVA-cista-zmen-709x430.jpg 709w, https:\/\/www.muzeum-turnov.cz\/wp-content\/uploads\/2019\/08\/MUZEUM-BUDOVA-cista-zmen-709x430-600x364.jpg 600w, https:\/\/www.muzeum-turnov.cz\/wp-content\/uploads\/2019\/08\/MUZEUM-BUDOVA-cista-zmen-709x430-300x182.jpg 300w\" sizes=\"(max-width: 709px) 100vw, 709px\" \/>\t\t\t\t\t\t\t\t\t\t\t<\/div>\n\t\t\t\t<\/div>\n\t\t\t\t<\/div>\n\t\t\t\t\t\t<\/div>\n\t\t\t\t\t<\/div>\n\t\t<\/div>\n\t\t\t\t\t\t\t\t<\/div>\n\t\t\t\t\t<\/div>\n\t\t<\/section>\n\t\t\t\t<section class=\"elementor-section elementor-inner-section elementor-element elementor-element-b3cf144 elementor-section-boxed elementor-section-height-default elementor-section-height-default\" data-id=\"b3cf144\" data-element_type=\"section\">\n\t\t\t\t\t\t<div class=\"elementor-container elementor-column-gap-default\">\n\t\t\t\t\t\t\t<div class=\"elementor-row\">\n\t\t\t\t\t<div class=\"elementor-column elementor-col-50 elementor-inner-column elementor-element elementor-element-cb0f1a1\" data-id=\"cb0f1a1\" data-element_type=\"column\">\n\t\t\t<div class=\"elementor-column-wrap elementor-element-populated\">\n\t\t\t\t\t\t\t<div class=\"elementor-widget-wrap\">\n\t\t\t\t\t\t<div class=\"elementor-element elementor-element-37cfba5 elementor-widget elementor-widget-text-editor\" data-id=\"37cfba5\" data-element_type=\"widget\" data-widget_type=\"text-editor.default\">\n\t\t\t\t<div class=\"elementor-widget-container\">\n\t\t\t\t\t<div class=\"elementor-text-editor elementor-clearfix\"><p>Turnov liegt 90 Km nord\u00f6stlich von Prag und 25 Km s\u00fcdlich von Liberec (Anfahrt von Prag auf E 65, von Liberec auf E 442). Das Museum befindet sich im Denkmalschutzgebiet der Stadt Turnov, in der Stra\u00dfe Sk\u00e1lova Nr. 71, 100 m vom Platz des B\u00f6hmischen Paradieses (N\u00e1m\u011bst\u00ed \u010cesk\u00e9ho r\u00e1je), ca. 5 Minuten vom Busbahnhof und 20 Minuten vom Bahnhof entfernt. In der Sk\u00e1lova-Stra\u00dfe gibt es nur eine begrenzte Menge an Parkpl\u00e4tze, es steht ein Busparkplatz 50 m von dem Museumsgeb\u00e4ude zur Verf\u00fcgung. Unsere behinderten G\u00e4ste k\u00f6nnen im Hof parken.<\/p><\/div>\n\t\t\t\t<\/div>\n\t\t\t\t<\/div>\n\t\t\t\t<div class=\"elementor-element elementor-element-5bd5065 elementor-widget elementor-widget-heading\" data-id=\"5bd5065\" data-element_type=\"widget\" data-widget_type=\"heading.default\">\n\t\t\t\t<div class=\"elementor-widget-container\">\n\t\t\t<h2 class=\"elementor-heading-title elementor-size-default\">Das Museum des B\u00f6hmischen Paradieses<\/h2>\t\t<\/div>\n\t\t\t\t<\/div>\n\t\t\t\t<div class=\"elementor-element elementor-element-3438dd2 elementor-icon-list--layout-traditional elementor-list-item-link-full_width elementor-widget elementor-widget-icon-list\" data-id=\"3438dd2\" data-element_type=\"widget\" data-widget_type=\"icon-list.default\">\n\t\t\t\t<div class=\"elementor-widget-container\">\n\t\t\t\t\t<ul class=\"elementor-icon-list-items\">\n\t\t\t\t\t\t\t<li class=\"elementor-icon-list-item\">\n\t\t\t\t\t\t\t\t\t\t\t<span class=\"elementor-icon-list-icon\">\n\t\t\t\t\t\t\t<i aria-hidden=\"true\" class=\"fas fa-home\"><\/i>\t\t\t\t\t\t<\/span>\n\t\t\t\t\t\t\t\t\t\t<span class=\"elementor-icon-list-text\">Sk\u00e1lova 71, 511 01 Turnov<\/span>\n\t\t\t\t\t\t\t\t\t<\/li>\n\t\t\t\t\t\t\t\t<li class=\"elementor-icon-list-item\">\n\t\t\t\t\t\t\t\t\t\t\t<span class=\"elementor-icon-list-icon\">\n\t\t\t\t\t\t\t<i aria-hidden=\"true\" class=\"fas fa-home\"><\/i>\t\t\t\t\t\t<\/span>\n\t\t\t\t\t\t\t\t\t\t<span class=\"elementor-icon-list-text\">GPS:  50\u00b035'20.108\"N, 15\u00b09'28.738\"E<\/span>\n\t\t\t\t\t\t\t\t\t<\/li>\n\t\t\t\t\t\t\t\t<li class=\"elementor-icon-list-item\">\n\t\t\t\t\t<a href=\"tel:481322106\">\t\t\t\t\t\t<span class=\"elementor-icon-list-icon\">\n\t\t\t\t\t\t\t<i aria-hidden=\"true\" class=\"fas fa-phone-square-alt\"><\/i>\t\t\t\t\t\t<\/span>\n\t\t\t\t\t\t\t\t\t\t<span class=\"elementor-icon-list-text\">481 322 106 (Kasse \/ Telefonzentrale)<\/span>\n\t\t\t\t\t\t\t\t\t\t\t<\/a>\n\t\t\t\t\t\t\t\t\t<\/li>\n\t\t\t\t\t\t\t\t<li class=\"elementor-icon-list-item\">\n\t\t\t\t\t<a href=\"mailto:mail@muzeum-turnov.cz\">\t\t\t\t\t\t<span class=\"elementor-icon-list-icon\">\n\t\t\t\t\t\t\t<i aria-hidden=\"true\" class=\"fas fa-envelope\"><\/i>\t\t\t\t\t\t<\/span>\n\t\t\t\t\t\t\t\t\t\t<span class=\"elementor-icon-list-text\">mail@muzeum-turnov.cz<\/span>\n\t\t\t\t\t\t\t\t\t\t\t<\/a>\n\t\t\t\t\t\t\t\t\t<\/li>\n\t\t\t\t\t\t<\/ul>\n\t\t\t\t<\/div>\n\t\t\t\t<\/div>\n\t\t\t\t\t\t<\/div>\n\t\t\t\t\t<\/div>\n\t\t<\/div>\n\t\t\t\t<div class=\"elementor-column elementor-col-50 elementor-inner-column elementor-element elementor-element-b3f0b63\" data-id=\"b3f0b63\" data-element_type=\"column\">\n\t\t\t<div class=\"elementor-column-wrap elementor-element-populated\">\n\t\t\t\t\t\t\t<div class=\"elementor-widget-wrap\">\n\t\t\t\t\t\t<div class=\"elementor-element elementor-element-d098d08 elementor-widget elementor-widget-google_maps\" data-id=\"d098d08\" data-element_type=\"widget\" data-widget_type=\"google_maps.default\">\n\t\t\t\t<div class=\"elementor-widget-container\">\n\t\t\t<div class=\"elementor-custom-embed\"><iframe frameborder=\"0\" scrolling=\"no\" marginheight=\"0\" marginwidth=\"0\" src=\"https:\/\/maps.google.com\/maps?q=Sk%C3%A1lova%2071&amp;t=m&amp;z=13&amp;output=embed&amp;iwloc=near\" title=\"Sk\u00e1lova 71\" aria-label=\"Sk\u00e1lova 71\"><\/iframe><\/div>\t\t<\/div>\n\t\t\t\t<\/div>\n\t\t\t\t\t\t<\/div>\n\t\t\t\t\t<\/div>\n\t\t<\/div>\n\t\t\t\t\t\t\t\t<\/div>\n\t\t\t\t\t<\/div>\n\t\t<\/section>\n\t\t\t\t\t\t<\/div>\n\t\t\t\t\t<\/div>\n\t\t<\/div>\n\t\t\t\t\t\t\t\t<\/div>\n\t\t\t\t\t<\/div>\n\t\t<\/section>\n\t\t\t\t\t\t<\/div>\n\t\t\t\t\t\t<\/div>\n\t\t\t\t\t<\/div>\n\t\t","protected":false},"excerpt":{"rendered":"<p>Turnov liegt 90 Km nord\u00f6stlich von Prag und 25 Km s\u00fcdlich von Liberec (Anfahrt von Prag auf E 65, von Liberec auf E 442). Das Museum befindet sich im Denkmalschutzgebiet der Stadt Turnov, in der Stra\u00dfe Sk\u00e1lova Nr. 71, 100 m vom Platz des B\u00f6hmischen Paradieses (N\u00e1m\u011bst\u00ed \u010cesk\u00e9ho r\u00e1je), ca. 5 Minuten vom Busbahnhof und &#8230; <a title=\"Wie man uns findet\" class=\"read-more\" href=\"https:\/\/www.muzeum-turnov.cz\/de\/einleitung\/\">Weiterlesen<span class=\"screen-reader-text\">Wie man uns findet<\/span><\/a><\/p>\n","protected":false},"author":1,"featured_media":0,"parent":0,"menu_order":0,"comment_status":"closed","ping_status":"closed","template":"","meta":[],"_links":{"self":[{"href":"https:\/\/www.muzeum-turnov.cz\/de\/wp-json\/wp\/v2\/pages\/14246\/"}],"collection":[{"href":"https:\/\/www.muzeum-turnov.cz\/de\/wp-json\/wp\/v2\/pages\/"}],"about":[{"href":"https:\/\/www.muzeum-turnov.cz\/de\/wp-json\/wp\/v2\/types\/page\/"}],"author":[{"embeddable":true,"href":"https:\/\/www.muzeum-turnov.cz\/de\/wp-json\/wp\/v2\/users\/1\/"}],"replies":[{"embeddable":true,"href":"https:\/\/www.muzeum-turnov.cz\/de\/wp-json\/wp\/v2\/comments\/?post=14246"}],"version-history":[{"count":5,"href":"https:\/\/www.muzeum-turnov.cz\/de\/wp-json\/wp\/v2\/pages\/14246\/revisions\/"}],"predecessor-version":[{"id":18903,"href":"https:\/\/www.muzeum-turnov.cz\/de\/wp-json\/wp\/v2\/pages\/14246\/revisions\/18903\/"}],"wp:attachment":[{"href":"https:\/\/www.muzeum-turnov.cz\/de\/wp-json\/wp\/v2\/media\/?parent=14246"}],"curies":[{"name":"wp","href":"https:\/\/api.w.org\/{rel}","templated":true}]}}