{"id":14250,"date":"2019-09-23T18:23:22","date_gmt":"2019-09-23T16:23:22","guid":{"rendered":"http:\/\/muzeumturnov.zpromotion.cz\/?page_id=14250"},"modified":"2022-12-15T14:23:27","modified_gmt":"2022-12-15T13:23:27","slug":"offnungszeiten","status":"publish","type":"page","link":"https:\/\/www.muzeum-turnov.cz\/de\/offnungszeiten\/","title":{"rendered":"\u00d6ffnungszeiten"},"content":{"rendered":"\t\t<div data-elementor-type=\"wp-page\" data-elementor-id=\"14250\" class=\"elementor elementor-14250\" data-elementor-settings=\"[]\">\n\t\t\t\t\t\t<div class=\"elementor-inner\">\n\t\t\t\t\t\t\t<div class=\"elementor-section-wrap\">\n\t\t\t\t\t\t\t<section class=\"elementor-section elementor-top-section elementor-element elementor-element-6c5515c elementor-section-stretched elementor-section-boxed elementor-section-height-default elementor-section-height-default\" data-id=\"6c5515c\" data-element_type=\"section\" data-settings=\"{&quot;stretch_section&quot;:&quot;section-stretched&quot;,&quot;background_background&quot;:&quot;classic&quot;}\">\n\t\t\t\t\t\t<div class=\"elementor-container elementor-column-gap-default\">\n\t\t\t\t\t\t\t<div class=\"elementor-row\">\n\t\t\t\t\t<div class=\"elementor-column elementor-col-100 elementor-top-column elementor-element elementor-element-881340f\" data-id=\"881340f\" data-element_type=\"column\">\n\t\t\t<div class=\"elementor-column-wrap elementor-element-populated\">\n\t\t\t\t\t\t\t<div class=\"elementor-widget-wrap\">\n\t\t\t\t\t\t<div class=\"elementor-element elementor-element-f7344f9 elementor-widget elementor-widget-heading\" data-id=\"f7344f9\" data-element_type=\"widget\" data-widget_type=\"heading.default\">\n\t\t\t\t<div class=\"elementor-widget-container\">\n\t\t\t<h2 class=\"elementor-heading-title elementor-size-default\">Das Museum des B\u00f6hmischen Paradieses<\/h2>\t\t<\/div>\n\t\t\t\t<\/div>\n\t\t\t\t<div class=\"elementor-element elementor-element-f0cd5ef elementor-widget elementor-widget-text-editor\" data-id=\"f0cd5ef\" data-element_type=\"widget\" data-widget_type=\"text-editor.default\">\n\t\t\t\t<div class=\"elementor-widget-container\">\n\t\t\t\t\t<div class=\"elementor-text-editor elementor-clearfix\"><p>t\u00e4glich au\u00dfer Montag<\/p><table><tbody><tr><td><strong>Mai \u2013 September<\/strong><\/td><td>9.00 &#8211; 17.00 Uhr<\/td><\/tr><tr><td><strong>Oktober \u2013 April<\/strong><\/td><td>9.00 &#8211; 16.00 Uhr<\/td><\/tr><\/tbody><\/table><\/div>\n\t\t\t\t<\/div>\n\t\t\t\t<\/div>\n\t\t\t\t<div class=\"elementor-element elementor-element-333963e elementor-widget elementor-widget-text-editor\" data-id=\"333963e\" data-element_type=\"widget\" data-widget_type=\"text-editor.default\">\n\t\t\t\t<div class=\"elementor-widget-container\">\n\t\t\t\t\t<div class=\"elementor-text-editor elementor-clearfix\"><h5>\u00a0Weihnachts\u00f6ffnungszeiten<strong>\u00a02022 \u2013\u00a0Museum des B\u00f6hmischen Paradieses and Dlask-Geh\u00f6ft in Dol\u00e1nky:<\/strong><\/h5><div><div style=\"border: solid windowtext 1.0pt;padding: 1.0pt 4.0pt 1.0pt 4.0pt\"><div style=\"border: solid windowtext 1.0pt;padding: 1.0pt 4.0pt 1.0pt 4.0pt\"><p style=\"border: none;padding: 0cm\"><strong><span style=\"vertical-align: inherit\"><span style=\"vertical-align: inherit\">24. <\/span><\/span><\/strong><b><span style=\"vertical-align: inherit\"><span style=\"vertical-align: inherit\">\u2013 26. 12. geschlossen\u00a0 \/ 27. \u2013 30. 12. ge\u00f6ffnet \/ <\/span><\/span><\/b><b><span style=\"vertical-align: inherit\"><span style=\"vertical-align: inherit\">31. 12. 2022 \u2013 1. 1. 2023 geschlossen<\/span><\/span><\/b><\/p><\/div><\/div><\/div><\/div>\n\t\t\t\t<\/div>\n\t\t\t\t<\/div>\n\t\t\t\t<div class=\"elementor-element elementor-element-cb0ff87 elementor-widget elementor-widget-heading\" data-id=\"cb0ff87\" data-element_type=\"widget\" data-widget_type=\"heading.default\">\n\t\t\t\t<div class=\"elementor-widget-container\">\n\t\t\t<h2 class=\"elementor-heading-title elementor-size-default\">Dlask-Geh\u00f6ft<\/h2>\t\t<\/div>\n\t\t\t\t<\/div>\n\t\t\t\t<div class=\"elementor-element elementor-element-55b531c elementor-widget elementor-widget-text-editor\" data-id=\"55b531c\" data-element_type=\"widget\" data-widget_type=\"text-editor.default\">\n\t\t\t\t<div class=\"elementor-widget-container\">\n\t\t\t\t\t<div class=\"elementor-text-editor elementor-clearfix\"><h6>t\u00e4glich au\u00dfer Montag<\/h6>\n<table>\n<tbody>\n<tr>\n<td><strong>April \u2013 Oktober<\/strong><\/td>\n<td>9.00 \u2013 16.00 Uhr<\/td>\n<\/tr>\n<tr>\n<td><strong>Juni \u2013 August<\/strong><\/td>\n<td>9.00 \u2013 17.00 Uhr<\/td>\n<\/tr>\n<tr>\n<td><strong>Dezember<\/strong><\/td>\n<td>9.00 \u2013 16.00 Uhr<br><strong>24. \u201326. Dezember geschlossen<\/strong><br><strong>31. Dezember 2022 und 1. Januar 2023 geschlossen<\/strong><\/td>\n<\/tr>\n<\/tbody>\n<\/table><\/div>\n\t\t\t\t<\/div>\n\t\t\t\t<\/div>\n\t\t\t\t<div class=\"elementor-element elementor-element-a45e98f elementor-widget elementor-widget-text-editor\" data-id=\"a45e98f\" data-element_type=\"widget\" data-widget_type=\"text-editor.default\">\n\t\t\t\t<div class=\"elementor-widget-container\">\n\t\t\t\t\t<div class=\"elementor-text-editor elementor-clearfix\"><h5>\u00a0Weihnachts\u00f6ffnungszeiten<strong>\u00a02022 \u2013\u00a0Museum des B\u00f6hmischen Paradieses and Dlask-Geh\u00f6ft in Dol\u00e1nky:<\/strong><\/h5><div><div style=\"border: solid windowtext 1.0pt;padding: 1.0pt 4.0pt 1.0pt 4.0pt\"><div style=\"border: solid windowtext 1.0pt;padding: 1.0pt 4.0pt 1.0pt 4.0pt\"><p style=\"border: none;padding: 0cm\"><span style=\"font-weight: bolder\">24.\u00a0<\/span><span style=\"font-weight: bold\">\u2013 26. 12. geschlossen\u00a0 \/ 27. \u2013 30. 12. ge\u00f6ffnet \/\u00a0<\/span><span style=\"font-weight: bold\">31. 12. 2022 \u2013 1. 1. 2023 geschlossen<\/span><\/p><\/div><\/div><\/div><\/div>\n\t\t\t\t<\/div>\n\t\t\t\t<\/div>\n\t\t\t\t\t\t<\/div>\n\t\t\t\t\t<\/div>\n\t\t<\/div>\n\t\t\t\t\t\t\t\t<\/div>\n\t\t\t\t\t<\/div>\n\t\t<\/section>\n\t\t\t\t\t\t<\/div>\n\t\t\t\t\t\t<\/div>\n\t\t\t\t\t<\/div>\n\t\t","protected":false},"excerpt":{"rendered":"<p>Das Museum des B\u00f6hmischen Paradieses t\u00e4glich au\u00dfer Montag Mai \u2013 September 9.00 &#8211; 17.00 Uhr Oktober \u2013 April 9.00 &#8211; 16.00 Uhr \u00a0Weihnachts\u00f6ffnungszeiten\u00a02022 \u2013\u00a0Museum des B\u00f6hmischen Paradieses and Dlask-Geh\u00f6ft in Dol\u00e1nky: 24. \u2013 26. 12. geschlossen\u00a0 \/ 27. \u2013 30. 12. ge\u00f6ffnet \/ 31. 12. 2022 \u2013 1. 1. 2023 geschlossen Dlask-Geh\u00f6ft t\u00e4glich au\u00dfer Montag &#8230; <a title=\"\u00d6ffnungszeiten\" class=\"read-more\" href=\"https:\/\/www.muzeum-turnov.cz\/de\/offnungszeiten\/\">Weiterlesen<span class=\"screen-reader-text\">\u00d6ffnungszeiten<\/span><\/a><\/p>\n","protected":false},"author":1,"featured_media":0,"parent":0,"menu_order":0,"comment_status":"closed","ping_status":"closed","template":"","meta":[],"_links":{"self":[{"href":"https:\/\/www.muzeum-turnov.cz\/de\/wp-json\/wp\/v2\/pages\/14250\/"}],"collection":[{"href":"https:\/\/www.muzeum-turnov.cz\/de\/wp-json\/wp\/v2\/pages\/"}],"about":[{"href":"https:\/\/www.muzeum-turnov.cz\/de\/wp-json\/wp\/v2\/types\/page\/"}],"author":[{"embeddable":true,"href":"https:\/\/www.muzeum-turnov.cz\/de\/wp-json\/wp\/v2\/users\/1\/"}],"replies":[{"embeddable":true,"href":"https:\/\/www.muzeum-turnov.cz\/de\/wp-json\/wp\/v2\/comments\/?post=14250"}],"version-history":[{"count":8,"href":"https:\/\/www.muzeum-turnov.cz\/de\/wp-json\/wp\/v2\/pages\/14250\/revisions\/"}],"predecessor-version":[{"id":29052,"href":"https:\/\/www.muzeum-turnov.cz\/de\/wp-json\/wp\/v2\/pages\/14250\/revisions\/29052\/"}],"wp:attachment":[{"href":"https:\/\/www.muzeum-turnov.cz\/de\/wp-json\/wp\/v2\/media\/?parent=14250"}],"curies":[{"name":"wp","href":"https:\/\/api.w.org\/{rel}","templated":true}]}}