{"id":14255,"date":"2019-09-23T19:20:09","date_gmt":"2019-09-23T17:20:09","guid":{"rendered":"http:\/\/muzeumturnov.zpromotion.cz\/?page_id=14255"},"modified":"2019-09-23T19:21:39","modified_gmt":"2019-09-23T17:21:39","slug":"museumsgeschaft","status":"publish","type":"page","link":"https:\/\/www.muzeum-turnov.cz\/de\/museumsgeschaft\/","title":{"rendered":"Museumsgesch\u00e4ft"},"content":{"rendered":"\t\t<div data-elementor-type=\"wp-page\" data-elementor-id=\"14255\" class=\"elementor elementor-14255 elementor-355\" data-elementor-settings=\"[]\">\n\t\t\t\t\t\t<div class=\"elementor-inner\">\n\t\t\t\t\t\t\t<div class=\"elementor-section-wrap\">\n\t\t\t\t\t\t\t<section class=\"elementor-section elementor-top-section elementor-element elementor-element-b7eeb16 elementor-section-stretched elementor-section-boxed elementor-section-height-default elementor-section-height-default\" data-id=\"b7eeb16\" data-element_type=\"section\" data-settings=\"{&quot;stretch_section&quot;:&quot;section-stretched&quot;}\">\n\t\t\t\t\t\t<div class=\"elementor-container elementor-column-gap-default\">\n\t\t\t\t\t\t\t<div class=\"elementor-row\">\n\t\t\t\t\t<div class=\"elementor-column elementor-col-50 elementor-top-column elementor-element elementor-element-bdb791f\" data-id=\"bdb791f\" data-element_type=\"column\">\n\t\t\t<div class=\"elementor-column-wrap elementor-element-populated\">\n\t\t\t\t\t\t\t<div class=\"elementor-widget-wrap\">\n\t\t\t\t\t\t<div class=\"elementor-element elementor-element-d350e48 elementor-widget elementor-widget-image\" data-id=\"d350e48\" data-element_type=\"widget\" data-widget_type=\"image.default\">\n\t\t\t\t<div class=\"elementor-widget-container\">\n\t\t\t\t\t<div class=\"elementor-image\">\n\t\t\t\t\t\t\t\t\t\t<img width=\"1024\" height=\"683\" src=\"https:\/\/www.muzeum-turnov.cz\/wp-content\/uploads\/2019\/09\/obchod-1-1024x683.jpg\" class=\"attachment-large size-large\" alt=\"\" srcset=\"https:\/\/www.muzeum-turnov.cz\/wp-content\/uploads\/2019\/09\/obchod-1.jpg 1024w, https:\/\/www.muzeum-turnov.cz\/wp-content\/uploads\/2019\/09\/obchod-1-600x400.jpg 600w, https:\/\/www.muzeum-turnov.cz\/wp-content\/uploads\/2019\/09\/obchod-1-300x200.jpg 300w, https:\/\/www.muzeum-turnov.cz\/wp-content\/uploads\/2019\/09\/obchod-1-768x512.jpg 768w\" sizes=\"(max-width: 1024px) 100vw, 1024px\" \/>\t\t\t\t\t\t\t\t\t\t\t<\/div>\n\t\t\t\t<\/div>\n\t\t\t\t<\/div>\n\t\t\t\t\t\t<\/div>\n\t\t\t\t\t<\/div>\n\t\t<\/div>\n\t\t\t\t<div class=\"elementor-column elementor-col-50 elementor-top-column elementor-element elementor-element-144f86e\" data-id=\"144f86e\" data-element_type=\"column\" data-settings=\"{&quot;background_background&quot;:&quot;classic&quot;}\">\n\t\t\t<div class=\"elementor-column-wrap elementor-element-populated\">\n\t\t\t\t\t\t\t<div class=\"elementor-widget-wrap\">\n\t\t\t\t\t\t<div class=\"elementor-element elementor-element-77881cb elementor-widget elementor-widget-heading\" data-id=\"77881cb\" data-element_type=\"widget\" data-widget_type=\"heading.default\">\n\t\t\t\t<div class=\"elementor-widget-container\">\n\t\t\t<h2 class=\"elementor-heading-title elementor-size-default\">\u00d6ffnungszeiten<\/h2>\t\t<\/div>\n\t\t\t\t<\/div>\n\t\t\t\t<div class=\"elementor-element elementor-element-00c5003 elementor-widget elementor-widget-text-editor\" data-id=\"00c5003\" data-element_type=\"widget\" data-widget_type=\"text-editor.default\">\n\t\t\t\t<div class=\"elementor-widget-container\">\n\t\t\t\t\t<div class=\"elementor-text-editor elementor-clearfix\"><p>t\u00e4glich au\u00dfer Montag:<\/p><p>Mai \u2013 September:<br \/>9.00 \u2013 17.00 Uhr<\/p><p>Oktober \u2013 April:<br \/>9.00 \u2013 16.00 Uhr<\/p><\/div>\n\t\t\t\t<\/div>\n\t\t\t\t<\/div>\n\t\t\t\t<div class=\"elementor-element elementor-element-2ccefca elementor-widget elementor-widget-heading\" data-id=\"2ccefca\" data-element_type=\"widget\" data-widget_type=\"heading.default\">\n\t\t\t\t<div class=\"elementor-widget-container\">\n\t\t\t<h2 class=\"elementor-heading-title elementor-size-default\">Kontakt<\/h2>\t\t<\/div>\n\t\t\t\t<\/div>\n\t\t\t\t<div class=\"elementor-element elementor-element-49ac994 elementor-icon-list--layout-traditional elementor-list-item-link-full_width elementor-widget elementor-widget-icon-list\" data-id=\"49ac994\" data-element_type=\"widget\" data-widget_type=\"icon-list.default\">\n\t\t\t\t<div class=\"elementor-widget-container\">\n\t\t\t\t\t<ul class=\"elementor-icon-list-items\">\n\t\t\t\t\t\t\t<li class=\"elementor-icon-list-item\">\n\t\t\t\t\t<a href=\"tel:481322106\">\t\t\t\t\t\t<span class=\"elementor-icon-list-icon\">\n\t\t\t\t\t\t\t<i aria-hidden=\"true\" class=\"fas fa-phone-alt\"><\/i>\t\t\t\t\t\t<\/span>\n\t\t\t\t\t\t\t\t\t\t<span class=\"elementor-icon-list-text\">481 322 106<\/span>\n\t\t\t\t\t\t\t\t\t\t\t<\/a>\n\t\t\t\t\t\t\t\t\t<\/li>\n\t\t\t\t\t\t\t\t<li class=\"elementor-icon-list-item\">\n\t\t\t\t\t<a href=\"mailto:mail@muzeum-turnov.cz\">\t\t\t\t\t\t<span class=\"elementor-icon-list-icon\">\n\t\t\t\t\t\t\t<i aria-hidden=\"true\" class=\"fas fa-envelope\"><\/i>\t\t\t\t\t\t<\/span>\n\t\t\t\t\t\t\t\t\t\t<span class=\"elementor-icon-list-text\">mail@muzeum-turnov.cz<\/span>\n\t\t\t\t\t\t\t\t\t\t\t<\/a>\n\t\t\t\t\t\t\t\t\t<\/li>\n\t\t\t\t\t\t<\/ul>\n\t\t\t\t<\/div>\n\t\t\t\t<\/div>\n\t\t\t\t\t\t<\/div>\n\t\t\t\t\t<\/div>\n\t\t<\/div>\n\t\t\t\t\t\t\t\t<\/div>\n\t\t\t\t\t<\/div>\n\t\t<\/section>\n\t\t\t\t<section class=\"elementor-section elementor-top-section elementor-element elementor-element-9837a71 elementor-section-stretched elementor-section-boxed elementor-section-height-default elementor-section-height-default\" data-id=\"9837a71\" data-element_type=\"section\" data-settings=\"{&quot;stretch_section&quot;:&quot;section-stretched&quot;}\">\n\t\t\t\t\t\t<div class=\"elementor-container elementor-column-gap-default\">\n\t\t\t\t\t\t\t<div class=\"elementor-row\">\n\t\t\t\t\t<div class=\"elementor-column elementor-col-100 elementor-top-column elementor-element elementor-element-110a428\" data-id=\"110a428\" data-element_type=\"column\">\n\t\t\t<div class=\"elementor-column-wrap elementor-element-populated\">\n\t\t\t\t\t\t\t<div class=\"elementor-widget-wrap\">\n\t\t\t\t\t\t<div class=\"elementor-element elementor-element-263c22d elementor-widget elementor-widget-text-editor\" data-id=\"263c22d\" data-element_type=\"widget\" data-widget_type=\"text-editor.default\">\n\t\t\t\t<div class=\"elementor-widget-container\">\n\t\t\t\t\t<div class=\"elementor-text-editor elementor-clearfix\"><p>Das Museum des B\u00f6hmischen Paradieses bietet seinen Besuchern au\u00dfer anderen Dienstleistungen auch ein Gesch\u00e4ft mit Souvenirs und Publikationen. Das Angebot bilden Mineralien aus \u00f6rtlichen Vorkommen sowie aus weiteren tschechischen Lokalit\u00e4ten, Mineralien aus verschieden Gebieten aus aller Welt (z. B. die Slowakei, Afrika, Brasilien, usw.) f\u00fcr Sammler, die sog. Steinbijouterie, kleinere Kunstgegenst\u00e4nde aus Halbedelsteinen, Glas und Keramik und Schmuck aus Granatstein. Das Gesch\u00e4ft ist w\u00e4hrend der Betriebszeit des Museums ge\u00f6ffnet.<\/p><\/div>\n\t\t\t\t<\/div>\n\t\t\t\t<\/div>\n\t\t\t\t\t\t<\/div>\n\t\t\t\t\t<\/div>\n\t\t<\/div>\n\t\t\t\t\t\t\t\t<\/div>\n\t\t\t\t\t<\/div>\n\t\t<\/section>\n\t\t\t\t\t\t<\/div>\n\t\t\t\t\t\t<\/div>\n\t\t\t\t\t<\/div>\n\t\t","protected":false},"excerpt":{"rendered":"<p>\u00d6ffnungszeiten t\u00e4glich au\u00dfer Montag: Mai \u2013 September:9.00 \u2013 17.00 Uhr Oktober \u2013 April:9.00 \u2013 16.00 Uhr Kontakt 481 322 106 mail@muzeum-turnov.cz Das Museum des B\u00f6hmischen Paradieses bietet seinen Besuchern au\u00dfer anderen Dienstleistungen auch ein Gesch\u00e4ft mit Souvenirs und Publikationen. Das Angebot bilden Mineralien aus \u00f6rtlichen Vorkommen sowie aus weiteren tschechischen Lokalit\u00e4ten, Mineralien aus verschieden Gebieten &#8230; <a title=\"Museumsgesch\u00e4ft\" class=\"read-more\" href=\"https:\/\/www.muzeum-turnov.cz\/de\/museumsgeschaft\/\">Weiterlesen<span class=\"screen-reader-text\">Museumsgesch\u00e4ft<\/span><\/a><\/p>\n","protected":false},"author":1,"featured_media":0,"parent":0,"menu_order":0,"comment_status":"closed","ping_status":"closed","template":"","meta":[],"_links":{"self":[{"href":"https:\/\/www.muzeum-turnov.cz\/de\/wp-json\/wp\/v2\/pages\/14255\/"}],"collection":[{"href":"https:\/\/www.muzeum-turnov.cz\/de\/wp-json\/wp\/v2\/pages\/"}],"about":[{"href":"https:\/\/www.muzeum-turnov.cz\/de\/wp-json\/wp\/v2\/types\/page\/"}],"author":[{"embeddable":true,"href":"https:\/\/www.muzeum-turnov.cz\/de\/wp-json\/wp\/v2\/users\/1\/"}],"replies":[{"embeddable":true,"href":"https:\/\/www.muzeum-turnov.cz\/de\/wp-json\/wp\/v2\/comments\/?post=14255"}],"version-history":[{"count":2,"href":"https:\/\/www.muzeum-turnov.cz\/de\/wp-json\/wp\/v2\/pages\/14255\/revisions\/"}],"predecessor-version":[{"id":14257,"href":"https:\/\/www.muzeum-turnov.cz\/de\/wp-json\/wp\/v2\/pages\/14255\/revisions\/14257\/"}],"wp:attachment":[{"href":"https:\/\/www.muzeum-turnov.cz\/de\/wp-json\/wp\/v2\/media\/?parent=14255"}],"curies":[{"name":"wp","href":"https:\/\/api.w.org\/{rel}","templated":true}]}}