{"id":14607,"date":"2019-09-25T19:04:39","date_gmt":"2019-09-25T17:04:39","guid":{"rendered":"http:\/\/muzeumturnov.zpromotion.cz\/?page_id=14607"},"modified":"2019-09-25T19:09:29","modified_gmt":"2019-09-25T17:09:29","slug":"startseite","status":"publish","type":"page","link":"https:\/\/www.muzeum-turnov.cz\/de\/","title":{"rendered":"Startseite"},"content":{"rendered":"\t\t<div data-elementor-type=\"wp-page\" data-elementor-id=\"14607\" class=\"elementor elementor-14607 elementor-2\" data-elementor-settings=\"[]\">\n\t\t\t\t\t\t<div class=\"elementor-inner\">\n\t\t\t\t\t\t\t<div class=\"elementor-section-wrap\">\n\t\t\t\t\t\t\t<section class=\"elementor-section elementor-top-section elementor-element elementor-element-9b336ae elementor-section-stretched elementor-section-boxed elementor-section-height-default elementor-section-height-default\" data-id=\"9b336ae\" data-element_type=\"section\" data-settings=\"{&quot;stretch_section&quot;:&quot;section-stretched&quot;}\">\n\t\t\t\t\t\t<div class=\"elementor-container elementor-column-gap-default\">\n\t\t\t\t\t\t\t<div class=\"elementor-row\">\n\t\t\t\t\t<div class=\"elementor-column elementor-col-100 elementor-top-column elementor-element elementor-element-26ff9ad\" data-id=\"26ff9ad\" data-element_type=\"column\">\n\t\t\t<div class=\"elementor-column-wrap elementor-element-populated\">\n\t\t\t\t\t\t\t<div class=\"elementor-widget-wrap\">\n\t\t\t\t\t\t<div class=\"elementor-element elementor-element-c674e23 elementor-widget elementor-widget-heading\" data-id=\"c674e23\" data-element_type=\"widget\" data-widget_type=\"heading.default\">\n\t\t\t\t<div class=\"elementor-widget-container\">\n\t\t\t<h2 class=\"elementor-heading-title elementor-size-default\">Das Museum des B\u00f6hmischen Paradieses<\/h2>\t\t<\/div>\n\t\t\t\t<\/div>\n\t\t\t\t<div class=\"elementor-element elementor-element-5bc04fc elementor-widget elementor-widget-text-editor\" data-id=\"5bc04fc\" data-element_type=\"widget\" data-widget_type=\"text-editor.default\">\n\t\t\t\t<div class=\"elementor-widget-container\">\n\t\t\t\t\t<div class=\"elementor-text-editor elementor-clearfix\"><p>Willkommen im Museum des B\u00f6hmischen Paradieses in Turnov, in das Museum von Edelsteinen und Schmuck.<\/p><p>Das Museum des B\u00f6hmischen Paradieses in Turnov geh\u00f6rt zu den \u00e4ltesten Museen des regionalen Typs in der Tschechischen Republik. Die Anf\u00e4nge der Sammelt\u00e4tigkeit wurden auf\u00a0 Arch\u00e4ologie, Geschichte und V\u00f6lkerkunde gerichtet. Diese Sammlungsfonds bildeten die Plattform f\u00fcr einen regionalen v\u00f6lkerkundlichen Arbeitsplatz. Die Voraussetzungen f\u00fcr heutige Spezialisierung des Turnover Museums auf die Dokumentierung und Pr\u00e4sentation der Edelsteinvorkommen und auf die Geschichte des Steinschleifens und Schmuckwesens begr\u00fcndeten in den 30er Jahren die Sammlungen der Geologie, Mineralogie und der Verarbeitung der Edelsteine und des Schmuckwesens. In diesen Bereichen besitzt heute das Museum die Sammlungsfonds von europ\u00e4ischen Formaten und dem entsprechende Expositionen.<\/p><\/div>\n\t\t\t\t<\/div>\n\t\t\t\t<\/div>\n\t\t\t\t\t\t<\/div>\n\t\t\t\t\t<\/div>\n\t\t<\/div>\n\t\t\t\t\t\t\t\t<\/div>\n\t\t\t\t\t<\/div>\n\t\t<\/section>\n\t\t\t\t<section class=\"elementor-section elementor-top-section elementor-element elementor-element-ada7dd2 elementor-section-stretched elementor-section-boxed elementor-section-height-default elementor-section-height-default\" data-id=\"ada7dd2\" data-element_type=\"section\" data-settings=\"{&quot;stretch_section&quot;:&quot;section-stretched&quot;}\">\n\t\t\t\t\t\t<div class=\"elementor-container elementor-column-gap-default\">\n\t\t\t\t\t\t\t<div class=\"elementor-row\">\n\t\t\t\t\t<div class=\"elementor-column elementor-col-100 elementor-top-column elementor-element elementor-element-7383364\" data-id=\"7383364\" data-element_type=\"column\">\n\t\t\t<div class=\"elementor-column-wrap elementor-element-populated\">\n\t\t\t\t\t\t\t<div class=\"elementor-widget-wrap\">\n\t\t\t\t\t\t<div class=\"elementor-element elementor-element-0e1955a elementor-grid-4 elementor-posts--align-center elementor-grid-tablet-2 elementor-grid-mobile-1 elementor-posts--thumbnail-top elementor-widget elementor-widget-posts\" data-id=\"0e1955a\" data-element_type=\"widget\" data-settings=\"{&quot;classic_columns&quot;:&quot;4&quot;,&quot;classic_columns_tablet&quot;:&quot;2&quot;,&quot;classic_columns_mobile&quot;:&quot;1&quot;,&quot;classic_row_gap&quot;:{&quot;unit&quot;:&quot;px&quot;,&quot;size&quot;:35,&quot;sizes&quot;:[]}}\" data-widget_type=\"posts.classic\">\n\t\t\t\t<div class=\"elementor-widget-container\">\n\t\t\t\t\t<div class=\"elementor-posts-container elementor-posts elementor-posts--skin-classic elementor-grid\">\n\t\t\t\t<article class=\"elementor-post elementor-grid-item post-14840 expozice type-expozice status-publish has-post-thumbnail hentry\">\n\t\t\t\t<a class=\"elementor-post__thumbnail__link\" href=\"https:\/\/www.muzeum-turnov.cz\/de\/expozice\/bergsteiger-exposition\/\" >\n\t\t\t<div class=\"elementor-post__thumbnail\"><img width=\"768\" height=\"1152\" src=\"https:\/\/www.muzeum-turnov.cz\/wp-content\/uploads\/2019\/11\/PICT170934-768x1152.jpg\" class=\"attachment-medium_large size-medium_large\" alt=\"Expozice Horolezectv\u00ed\" srcset=\"https:\/\/www.muzeum-turnov.cz\/wp-content\/uploads\/2019\/11\/PICT170934-768x1152.jpg 768w, https:\/\/www.muzeum-turnov.cz\/wp-content\/uploads\/2019\/11\/PICT170934-600x900.jpg 600w, https:\/\/www.muzeum-turnov.cz\/wp-content\/uploads\/2019\/11\/PICT170934-200x300.jpg 200w, https:\/\/www.muzeum-turnov.cz\/wp-content\/uploads\/2019\/11\/PICT170934-683x1024.jpg 683w, https:\/\/www.muzeum-turnov.cz\/wp-content\/uploads\/2019\/11\/PICT170934.jpg 800w\" sizes=\"(max-width: 768px) 100vw, 768px\" \/><\/div>\n\t\t<\/a>\n\t\t\t\t<div class=\"elementor-post__text\">\n\t\t\t\t<h3 class=\"elementor-post__title\">\n\t\t\t<a href=\"https:\/\/www.muzeum-turnov.cz\/de\/expozice\/bergsteiger-exposition\/\" >\n\t\t\t\tBERGSTEIGENEXPOSITION\t\t\t<\/a>\n\t\t<\/h3>\n\t\t\t\t\t<a class=\"elementor-post__read-more\" href=\"https:\/\/www.muzeum-turnov.cz\/de\/expozice\/bergsteiger-exposition\/\" >\n\t\t\t\tExposition zeigen >>\t\t\t<\/a>\n\t\t\t\t<\/div>\n\t\t\t\t<\/article>\n\t\t\t\t<article class=\"elementor-post elementor-grid-item post-14472 expozice type-expozice status-publish has-post-thumbnail hentry\">\n\t\t\t\t<a class=\"elementor-post__thumbnail__link\" href=\"https:\/\/www.muzeum-turnov.cz\/de\/expozice\/geschichte\/\" >\n\t\t\t<div class=\"elementor-post__thumbnail\"><img width=\"709\" height=\"430\" src=\"https:\/\/www.muzeum-turnov.cz\/wp-content\/uploads\/2019\/09\/DSF9361-709x430.jpg\" class=\"attachment-medium_large size-medium_large\" alt=\"\" srcset=\"https:\/\/www.muzeum-turnov.cz\/wp-content\/uploads\/2019\/09\/DSF9361-709x430.jpg 709w, https:\/\/www.muzeum-turnov.cz\/wp-content\/uploads\/2019\/09\/DSF9361-709x430-600x364.jpg 600w, https:\/\/www.muzeum-turnov.cz\/wp-content\/uploads\/2019\/09\/DSF9361-709x430-300x182.jpg 300w\" sizes=\"(max-width: 709px) 100vw, 709px\" \/><\/div>\n\t\t<\/a>\n\t\t\t\t<div class=\"elementor-post__text\">\n\t\t\t\t<h3 class=\"elementor-post__title\">\n\t\t\t<a href=\"https:\/\/www.muzeum-turnov.cz\/de\/expozice\/geschichte\/\" >\n\t\t\t\tGESCHICHTE\t\t\t<\/a>\n\t\t<\/h3>\n\t\t\t\t\t<a class=\"elementor-post__read-more\" href=\"https:\/\/www.muzeum-turnov.cz\/de\/expozice\/geschichte\/\" >\n\t\t\t\tExposition zeigen >>\t\t\t<\/a>\n\t\t\t\t<\/div>\n\t\t\t\t<\/article>\n\t\t\t\t<article class=\"elementor-post elementor-grid-item post-14473 expozice type-expozice status-publish has-post-thumbnail hentry\">\n\t\t\t\t<a class=\"elementor-post__thumbnail__link\" href=\"https:\/\/www.muzeum-turnov.cz\/de\/expozice\/archaologie\/\" >\n\t\t\t<div class=\"elementor-post__thumbnail\"><img width=\"709\" height=\"430\" src=\"https:\/\/www.muzeum-turnov.cz\/wp-content\/uploads\/2019\/09\/nadoba-O\u0158EZ-709x430.jpg\" class=\"attachment-medium_large size-medium_large\" alt=\"\" srcset=\"https:\/\/www.muzeum-turnov.cz\/wp-content\/uploads\/2019\/09\/nadoba-O\u0158EZ-709x430.jpg 709w, https:\/\/www.muzeum-turnov.cz\/wp-content\/uploads\/2019\/09\/nadoba-O\u0158EZ-709x430-600x364.jpg 600w, https:\/\/www.muzeum-turnov.cz\/wp-content\/uploads\/2019\/09\/nadoba-O\u0158EZ-709x430-300x182.jpg 300w\" sizes=\"(max-width: 709px) 100vw, 709px\" \/><\/div>\n\t\t<\/a>\n\t\t\t\t<div class=\"elementor-post__text\">\n\t\t\t\t<h3 class=\"elementor-post__title\">\n\t\t\t<a href=\"https:\/\/www.muzeum-turnov.cz\/de\/expozice\/archaologie\/\" >\n\t\t\t\tARCH\u00c4OLOGIE\t\t\t<\/a>\n\t\t<\/h3>\n\t\t\t\t\t<a class=\"elementor-post__read-more\" href=\"https:\/\/www.muzeum-turnov.cz\/de\/expozice\/archaologie\/\" >\n\t\t\t\tExposition zeigen >>\t\t\t<\/a>\n\t\t\t\t<\/div>\n\t\t\t\t<\/article>\n\t\t\t\t<article class=\"elementor-post elementor-grid-item post-14430 expozice type-expozice status-publish has-post-thumbnail hentry\">\n\t\t\t\t<a class=\"elementor-post__thumbnail__link\" href=\"https:\/\/www.muzeum-turnov.cz\/de\/expozice\/volkskultur\/\" >\n\t\t\t<div class=\"elementor-post__thumbnail\"><img width=\"709\" height=\"430\" src=\"https:\/\/www.muzeum-turnov.cz\/wp-content\/uploads\/2019\/09\/Muzeum-Hlava-709x430.jpg\" class=\"attachment-medium_large size-medium_large\" alt=\"\" srcset=\"https:\/\/www.muzeum-turnov.cz\/wp-content\/uploads\/2019\/09\/Muzeum-Hlava-709x430.jpg 709w, https:\/\/www.muzeum-turnov.cz\/wp-content\/uploads\/2019\/09\/Muzeum-Hlava-709x430-600x364.jpg 600w, https:\/\/www.muzeum-turnov.cz\/wp-content\/uploads\/2019\/09\/Muzeum-Hlava-709x430-300x182.jpg 300w\" sizes=\"(max-width: 709px) 100vw, 709px\" \/><\/div>\n\t\t<\/a>\n\t\t\t\t<div class=\"elementor-post__text\">\n\t\t\t\t<h3 class=\"elementor-post__title\">\n\t\t\t<a href=\"https:\/\/www.muzeum-turnov.cz\/de\/expozice\/volkskultur\/\" >\n\t\t\t\tVOLKSKULTUR\t\t\t<\/a>\n\t\t<\/h3>\n\t\t\t\t\t<a class=\"elementor-post__read-more\" href=\"https:\/\/www.muzeum-turnov.cz\/de\/expozice\/volkskultur\/\" >\n\t\t\t\tExposition zeigen >>\t\t\t<\/a>\n\t\t\t\t<\/div>\n\t\t\t\t<\/article>\n\t\t\t\t<article class=\"elementor-post elementor-grid-item post-14393 expozice type-expozice status-publish has-post-thumbnail hentry\">\n\t\t\t\t<a class=\"elementor-post__thumbnail__link\" href=\"https:\/\/www.muzeum-turnov.cz\/de\/expozice\/edelsteine-und-schmuck\/\" >\n\t\t\t<div class=\"elementor-post__thumbnail\"><img width=\"709\" height=\"430\" src=\"https:\/\/www.muzeum-turnov.cz\/wp-content\/uploads\/2019\/09\/z\u00e1v\u011bs-709x430.jpg\" class=\"attachment-medium_large size-medium_large\" alt=\"\" srcset=\"https:\/\/www.muzeum-turnov.cz\/wp-content\/uploads\/2019\/09\/z\u00e1v\u011bs-709x430.jpg 709w, https:\/\/www.muzeum-turnov.cz\/wp-content\/uploads\/2019\/09\/z\u00e1v\u011bs-709x430-600x364.jpg 600w, https:\/\/www.muzeum-turnov.cz\/wp-content\/uploads\/2019\/09\/z\u00e1v\u011bs-709x430-300x182.jpg 300w\" sizes=\"(max-width: 709px) 100vw, 709px\" \/><\/div>\n\t\t<\/a>\n\t\t\t\t<div class=\"elementor-post__text\">\n\t\t\t\t<h3 class=\"elementor-post__title\">\n\t\t\t<a href=\"https:\/\/www.muzeum-turnov.cz\/de\/expozice\/edelsteine-und-schmuck\/\" >\n\t\t\t\tEDELSTEINE UND SCHMUCK\t\t\t<\/a>\n\t\t<\/h3>\n\t\t\t\t\t<a class=\"elementor-post__read-more\" href=\"https:\/\/www.muzeum-turnov.cz\/de\/expozice\/edelsteine-und-schmuck\/\" >\n\t\t\t\tExposition zeigen >>\t\t\t<\/a>\n\t\t\t\t<\/div>\n\t\t\t\t<\/article>\n\t\t\t\t<article class=\"elementor-post elementor-grid-item post-14354 expozice type-expozice status-publish has-post-thumbnail hentry\">\n\t\t\t\t<a class=\"elementor-post__thumbnail__link\" href=\"https:\/\/www.muzeum-turnov.cz\/de\/expozice\/mineralogie-2\/\" >\n\t\t\t<div class=\"elementor-post__thumbnail\"><img width=\"709\" height=\"430\" src=\"https:\/\/www.muzeum-turnov.cz\/wp-content\/uploads\/2019\/09\/zahneda-709x430.jpg\" class=\"attachment-medium_large size-medium_large\" alt=\"\" srcset=\"https:\/\/www.muzeum-turnov.cz\/wp-content\/uploads\/2019\/09\/zahneda-709x430.jpg 709w, https:\/\/www.muzeum-turnov.cz\/wp-content\/uploads\/2019\/09\/zahneda-709x430-600x364.jpg 600w, https:\/\/www.muzeum-turnov.cz\/wp-content\/uploads\/2019\/09\/zahneda-709x430-300x182.jpg 300w\" sizes=\"(max-width: 709px) 100vw, 709px\" \/><\/div>\n\t\t<\/a>\n\t\t\t\t<div class=\"elementor-post__text\">\n\t\t\t\t<h3 class=\"elementor-post__title\">\n\t\t\t<a href=\"https:\/\/www.muzeum-turnov.cz\/de\/expozice\/mineralogie-2\/\" >\n\t\t\t\tMINERALOGIE\t\t\t<\/a>\n\t\t<\/h3>\n\t\t\t\t\t<a class=\"elementor-post__read-more\" href=\"https:\/\/www.muzeum-turnov.cz\/de\/expozice\/mineralogie-2\/\" >\n\t\t\t\tExposition zeigen >>\t\t\t<\/a>\n\t\t\t\t<\/div>\n\t\t\t\t<\/article>\n\t\t\t\t<article class=\"elementor-post elementor-grid-item post-14315 expozice type-expozice status-publish has-post-thumbnail hentry\">\n\t\t\t\t<a class=\"elementor-post__thumbnail__link\" href=\"https:\/\/www.muzeum-turnov.cz\/de\/expozice\/schatzkammer\/\" >\n\t\t\t<div class=\"elementor-post__thumbnail\"><img width=\"709\" height=\"430\" src=\"https:\/\/www.muzeum-turnov.cz\/wp-content\/uploads\/2019\/09\/secesni-nahrdelnik-pro-panel-709x430.jpg\" class=\"attachment-medium_large size-medium_large\" alt=\"\" srcset=\"https:\/\/www.muzeum-turnov.cz\/wp-content\/uploads\/2019\/09\/secesni-nahrdelnik-pro-panel-709x430.jpg 709w, https:\/\/www.muzeum-turnov.cz\/wp-content\/uploads\/2019\/09\/secesni-nahrdelnik-pro-panel-709x430-600x364.jpg 600w, https:\/\/www.muzeum-turnov.cz\/wp-content\/uploads\/2019\/09\/secesni-nahrdelnik-pro-panel-709x430-300x182.jpg 300w\" sizes=\"(max-width: 709px) 100vw, 709px\" \/><\/div>\n\t\t<\/a>\n\t\t\t\t<div class=\"elementor-post__text\">\n\t\t\t\t<h3 class=\"elementor-post__title\">\n\t\t\t<a href=\"https:\/\/www.muzeum-turnov.cz\/de\/expozice\/schatzkammer\/\" >\n\t\t\t\tSCHATZKAMMER\t\t\t<\/a>\n\t\t<\/h3>\n\t\t\t\t\t<a class=\"elementor-post__read-more\" href=\"https:\/\/www.muzeum-turnov.cz\/de\/expozice\/schatzkammer\/\" >\n\t\t\t\tExposition zeigen >>\t\t\t<\/a>\n\t\t\t\t<\/div>\n\t\t\t\t<\/article>\n\t\t\t\t<article class=\"elementor-post elementor-grid-item post-14274 expozice type-expozice status-publish has-post-thumbnail hentry\">\n\t\t\t\t<a class=\"elementor-post__thumbnail__link\" href=\"https:\/\/www.muzeum-turnov.cz\/de\/expozice\/dlask-gehoft\/\" >\n\t\t\t<div class=\"elementor-post__thumbnail\"><img width=\"709\" height=\"430\" src=\"https:\/\/www.muzeum-turnov.cz\/wp-content\/uploads\/2019\/09\/dlask\u016fv-statek-od-jizery-709x430.jpg\" class=\"attachment-medium_large size-medium_large\" alt=\"\" srcset=\"https:\/\/www.muzeum-turnov.cz\/wp-content\/uploads\/2019\/09\/dlask\u016fv-statek-od-jizery-709x430.jpg 709w, https:\/\/www.muzeum-turnov.cz\/wp-content\/uploads\/2019\/09\/dlask\u016fv-statek-od-jizery-709x430-600x364.jpg 600w, https:\/\/www.muzeum-turnov.cz\/wp-content\/uploads\/2019\/09\/dlask\u016fv-statek-od-jizery-709x430-300x182.jpg 300w\" sizes=\"(max-width: 709px) 100vw, 709px\" \/><\/div>\n\t\t<\/a>\n\t\t\t\t<div class=\"elementor-post__text\">\n\t\t\t\t<h3 class=\"elementor-post__title\">\n\t\t\t<a href=\"https:\/\/www.muzeum-turnov.cz\/de\/expozice\/dlask-gehoft\/\" >\n\t\t\t\tDLASK-GEH\u00d6FT\t\t\t<\/a>\n\t\t<\/h3>\n\t\t\t\t\t<a class=\"elementor-post__read-more\" href=\"https:\/\/www.muzeum-turnov.cz\/de\/expozice\/dlask-gehoft\/\" >\n\t\t\t\tExposition zeigen >>\t\t\t<\/a>\n\t\t\t\t<\/div>\n\t\t\t\t<\/article>\n\t\t\t\t<article class=\"elementor-post elementor-grid-item post-14261 expozice type-expozice status-publish has-post-thumbnail hentry\">\n\t\t\t\t<a class=\"elementor-post__thumbnail__link\" href=\"https:\/\/www.muzeum-turnov.cz\/de\/expozice\/steinschneidehaus\/\" >\n\t\t\t<div class=\"elementor-post__thumbnail\"><img width=\"709\" height=\"430\" src=\"https:\/\/www.muzeum-turnov.cz\/wp-content\/uploads\/2019\/08\/kamenarsky-dum_4-2-709x430-1.jpg\" class=\"attachment-medium_large size-medium_large\" alt=\"\" srcset=\"https:\/\/www.muzeum-turnov.cz\/wp-content\/uploads\/2019\/08\/kamenarsky-dum_4-2-709x430-1.jpg 709w, https:\/\/www.muzeum-turnov.cz\/wp-content\/uploads\/2019\/08\/kamenarsky-dum_4-2-709x430-1-600x364.jpg 600w, https:\/\/www.muzeum-turnov.cz\/wp-content\/uploads\/2019\/08\/kamenarsky-dum_4-2-709x430-1-300x182.jpg 300w\" sizes=\"(max-width: 709px) 100vw, 709px\" \/><\/div>\n\t\t<\/a>\n\t\t\t\t<div class=\"elementor-post__text\">\n\t\t\t\t<h3 class=\"elementor-post__title\">\n\t\t\t<a href=\"https:\/\/www.muzeum-turnov.cz\/de\/expozice\/steinschneidehaus\/\" >\n\t\t\t\tSTEINSCHNEIDEHAUS\t\t\t<\/a>\n\t\t<\/h3>\n\t\t\t\t\t<a class=\"elementor-post__read-more\" href=\"https:\/\/www.muzeum-turnov.cz\/de\/expozice\/steinschneidehaus\/\" >\n\t\t\t\tExposition zeigen >>\t\t\t<\/a>\n\t\t\t\t<\/div>\n\t\t\t\t<\/article>\n\t\t\t\t<\/div>\n\t\t\t\t<\/div>\n\t\t\t\t<\/div>\n\t\t\t\t\t\t<\/div>\n\t\t\t\t\t<\/div>\n\t\t<\/div>\n\t\t\t\t\t\t\t\t<\/div>\n\t\t\t\t\t<\/div>\n\t\t<\/section>\n\t\t\t\t\t\t<\/div>\n\t\t\t\t\t\t<\/div>\n\t\t\t\t\t<\/div>\n\t\t","protected":false},"excerpt":{"rendered":"<p>Das Museum des B\u00f6hmischen Paradieses Willkommen im Museum des B\u00f6hmischen Paradieses in Turnov, in das Museum von Edelsteinen und Schmuck. Das Museum des B\u00f6hmischen Paradieses<\/p>\n","protected":false},"author":1,"featured_media":0,"parent":0,"menu_order":0,"comment_status":"closed","ping_status":"open","template":"","meta":[],"_links":{"self":[{"href":"https:\/\/www.muzeum-turnov.cz\/de\/wp-json\/wp\/v2\/pages\/14607\/"}],"collection":[{"href":"https:\/\/www.muzeum-turnov.cz\/de\/wp-json\/wp\/v2\/pages\/"}],"about":[{"href":"https:\/\/www.muzeum-turnov.cz\/de\/wp-json\/wp\/v2\/types\/page\/"}],"author":[{"embeddable":true,"href":"https:\/\/www.muzeum-turnov.cz\/de\/wp-json\/wp\/v2\/users\/1\/"}],"replies":[{"embeddable":true,"href":"https:\/\/www.muzeum-turnov.cz\/de\/wp-json\/wp\/v2\/comments\/?post=14607"}],"version-history":[{"count":4,"href":"https:\/\/www.muzeum-turnov.cz\/de\/wp-json\/wp\/v2\/pages\/14607\/revisions\/"}],"predecessor-version":[{"id":14614,"href":"https:\/\/www.muzeum-turnov.cz\/de\/wp-json\/wp\/v2\/pages\/14607\/revisions\/14614\/"}],"wp:attachment":[{"href":"https:\/\/www.muzeum-turnov.cz\/de\/wp-json\/wp\/v2\/media\/?parent=14607"}],"curies":[{"name":"wp","href":"https:\/\/api.w.org\/{rel}","templated":true}]}}