{"id":10128,"date":"2019-09-16T20:59:34","date_gmt":"2019-09-16T18:59:34","guid":{"rendered":"http:\/\/muzeumturnov.zpromotion.cz\/produkt\/hrobum-v-dali-otisk-prvni-svetove-valky-na-semilsku\/"},"modified":"2025-07-05T11:17:14","modified_gmt":"2025-07-05T09:17:14","slug":"hrobum-v-dali-otisk-prvni-svetove-valky-na-semilsku","status":"publish","type":"product","link":"https:\/\/www.muzeum-turnov.cz\/de\/produkt\/hrobum-v-dali-otisk-prvni-svetove-valky-na-semilsku\/","title":{"rendered":"Hrob\u016fm v d\u00e1li \u2013 otisk 1. sv\u011btov\u00e9 v\u00e1lky na Semilsku"},"content":{"rendered":"<p>P\u0159ed \u010dasem autorka vydala knihu Hrob\u016fm v d\u00e1li \u2013 otisk 1. sv\u011btov\u00e9 v\u00e1lky na Jilemnicku, j\u00ed\u017e cht\u011bla vzd\u00e1t poctu v\u00edc ne\u017e 2000 mu\u017e\u016f, kte\u0159\u00ed padli na boji\u0161t\u00edch, zem\u0159eli na n\u00e1sledky zran\u011bn\u00ed a v\u00e1le\u010dn\u00e9ho str\u00e1d\u00e1n\u00ed, \u010di byli zaps\u00e1ni do seznam\u016f nezv\u011bstn\u00fdch voj\u00e1k\u016f. Kniha se setkala s velmi p\u0159\u00edzniv\u00fdm ohlasem nejen u \u010dten\u00e1\u0159\u016f, jejich\u017e p\u0159edci byli v textu zm\u00edn\u011bni. Pohlednice z dalek\u00fdch krajin a l\u00edstky poln\u00ed po\u0161ty autorce za\u010dali p\u0159in\u00e1\u0161et i lid\u00e9 z obc\u00ed Semilska, Lomnicka a \u017deleznobrodska pov\u011bt\u0161inou s prosbou, zda nev\u00ed n\u011bco bli\u017e\u0161\u00edho o osudu pr\u00e1v\u011b toho jejich voj\u00e1\u010dka. A tak se ze st\u0159\u00edpk\u016f informac\u00ed, z\u00e1pis\u016f v kronik\u00e1ch, matri\u010dn\u00edch knih\u00e1ch a dochovan\u00fdch listin\u00e1ch za\u010daly skl\u00e1dat p\u0159\u00edb\u011bhy dal\u0161\u00edch mu\u017e\u016f. Nem\u011blo by se zapomenout na ty, kte\u0159\u00ed zem\u0159eli, ale ani na ty, kte\u0159\u00ed se z v\u00e1lky vr\u00e1tili. V\u0161ichni nasazovali sv\u00e9 \u017eivoty za st\u00e1t, kter\u00fd ne jejich vinou s koncem v\u00e1lky zanikl. Jm\u00e9na mrtv\u00fdch byla zv\u011b\u010dn\u011bna alespo\u0148 na pomn\u00edc\u00edch padl\u00fdch, z p\u0159e\u017eiv\u0161\u00edch, kte\u0159\u00ed se nevr\u00e1tili v uniform\u00e1ch legion\u00e1\u0159\u016f, se stali ob\u010dan\u00e9 druh\u00e9 kategorie, mlad\u00e1 \u010ceskoslovensk\u00e1 republika jim nedovolila ani zalo\u017eit si veter\u00e1nsk\u00e9 spolky a vzpom\u00ednat na mrtv\u00e9 kamar\u00e1dy.<br \/>\nGentiana; 2016.<\/p>\n","protected":false},"excerpt":{"rendered":"<p>Lenka Holubi\u010dkov\u00e1<\/p>\n","protected":false},"featured_media":10125,"template":"","meta":[],"_links":{"self":[{"href":"https:\/\/www.muzeum-turnov.cz\/de\/wp-json\/wp\/v2\/product\/10128\/"}],"collection":[{"href":"https:\/\/www.muzeum-turnov.cz\/de\/wp-json\/wp\/v2\/product\/"}],"about":[{"href":"https:\/\/www.muzeum-turnov.cz\/de\/wp-json\/wp\/v2\/types\/product\/"}],"version-history":[{"count":4,"href":"https:\/\/www.muzeum-turnov.cz\/de\/wp-json\/wp\/v2\/product\/10128\/revisions\/"}],"predecessor-version":[{"id":40862,"href":"https:\/\/www.muzeum-turnov.cz\/de\/wp-json\/wp\/v2\/product\/10128\/revisions\/40862\/"}],"wp:featuredmedia":[{"embeddable":true,"href":"https:\/\/www.muzeum-turnov.cz\/de\/wp-json\/wp\/v2\/media\/10125\/"}],"wp:attachment":[{"href":"https:\/\/www.muzeum-turnov.cz\/de\/wp-json\/wp\/v2\/media\/?parent=10128"}],"curies":[{"name":"wp","href":"https:\/\/api.w.org\/{rel}","templated":true}]}}