{"id":10172,"date":"2019-09-16T21:00:09","date_gmt":"2019-09-16T19:00:09","guid":{"rendered":"http:\/\/muzeumturnov.zpromotion.cz\/produkt\/makarska-57-katalog-vystavy\/"},"modified":"2025-01-22T14:57:10","modified_gmt":"2025-01-22T13:57:10","slug":"makarska-57-katalog-vystavy","status":"publish","type":"product","link":"https:\/\/www.muzeum-turnov.cz\/de\/produkt\/makarska-57-katalog-vystavy\/","title":{"rendered":"Makarsk\u00e1 57 &#8211; obrazy, sochy, grafika"},"content":{"rendered":"<p>Katalog k v\u00fdstav\u011b Makarsk\u00e1 57. Rok vyd\u00e1n\u00ed: 2017.<\/p>\n","protected":false},"excerpt":{"rendered":"<p>Katalog v\u00fdstavy<\/p>\n","protected":false},"featured_media":10169,"template":"","meta":[],"_links":{"self":[{"href":"https:\/\/www.muzeum-turnov.cz\/de\/wp-json\/wp\/v2\/product\/10172\/"}],"collection":[{"href":"https:\/\/www.muzeum-turnov.cz\/de\/wp-json\/wp\/v2\/product\/"}],"about":[{"href":"https:\/\/www.muzeum-turnov.cz\/de\/wp-json\/wp\/v2\/types\/product\/"}],"version-history":[{"count":2,"href":"https:\/\/www.muzeum-turnov.cz\/de\/wp-json\/wp\/v2\/product\/10172\/revisions\/"}],"predecessor-version":[{"id":19686,"href":"https:\/\/www.muzeum-turnov.cz\/de\/wp-json\/wp\/v2\/product\/10172\/revisions\/19686\/"}],"wp:featuredmedia":[{"embeddable":true,"href":"https:\/\/www.muzeum-turnov.cz\/de\/wp-json\/wp\/v2\/media\/10169\/"}],"wp:attachment":[{"href":"https:\/\/www.muzeum-turnov.cz\/de\/wp-json\/wp\/v2\/media\/?parent=10172"}],"curies":[{"name":"wp","href":"https:\/\/api.w.org\/{rel}","templated":true}]}}