{"id":10257,"date":"2019-09-16T21:01:34","date_gmt":"2019-09-16T19:01:34","guid":{"rendered":"http:\/\/muzeumturnov.zpromotion.cz\/produkt\/pribehy-rozhleden-ceskeho-raje\/"},"modified":"2024-06-19T13:01:14","modified_gmt":"2024-06-19T11:01:14","slug":"pribehy-rozhleden-ceskeho-raje","status":"publish","type":"product","link":"https:\/\/www.muzeum-turnov.cz\/de\/produkt\/pribehy-rozhleden-ceskeho-raje\/","title":{"rendered":"P\u0159\u00edb\u011bhy rozhleden \u010cesk\u00e9ho r\u00e1je"},"content":{"rendered":"<p>Stejn\u011b jako p\u0159edchoz\u00ed \u010dty\u0159i rozhlednov\u00e9 publikace P\u0159\u00edb\u011bhy jizerskohorsk\u00fdch rozhleden (2011), P\u0159\u00edb\u011bhy lu\u017eick\u00fdch rozhleden (2012), Putov\u00e1n\u00ed za \u0160t\u011bp\u00e1nkou (2014) a P\u0159\u00edb\u011bhy rozhleden \u010ceskosask\u00e9ho \u0160v\u00fdcarska (2015) je tato kniha o \u010cesk\u00e9m r\u00e1ji p\u0159edev\u0161\u00edm vypr\u00e1v\u011bn\u00edm o krajin\u011b a na\u0161\u00ed fascinaci putov\u00e1n\u00edm. Pro jej\u00ed tvorbu jsme vyu\u017e\u00edvali prameny v podob\u011b historick\u00fdch knih a novin, vzpom\u00ednky pam\u011btn\u00edk\u016f, pov\u00edd\u00e1n\u00ed sou\u010dasn\u00edk\u016f a na\u0161e vlastn\u00ed z\u00e1\u017eitky a poznatky. P\u0159esto\u017ee \u0159ada cit\u00e1t\u016f z historick\u00fdch d\u011bl a periodik je v textu pou\u017eita hlavn\u011b pro maximalizaci dobov\u00e9 autenticity, nen\u00ed publikaci rozhodn\u011b mo\u017en\u00e9 vn\u00edmat jako historickou \u010di v\u011bdeckou pr\u00e1ci, ale sp\u00ed\u0161e jako jak\u00fdsi n\u00e1vod na vesel\u00e9 v\u00fdlety krajinou. Stejn\u011b neodborn\u011b \u2013 ale o to v\u00edce pocitov\u011b \u2013 byla vymezena popisovan\u00e1 oblast \u010cesk\u00e9ho r\u00e1je. Za z\u00e1kladn\u00ed osu kraje byla n\u00e1mi vzata Zlat\u00e1 stezka \u010cesk\u00e9ho r\u00e1je, za\u010d\u00ednaj\u00edc\u00ed ov\u0161em ji\u017e v Mlad\u00e9 Boleslavi pod radni\u010dn\u00ed v\u011b\u017e\u00ed, kterou by k rozhledn\u00e1m \u010cesk\u00e9ho r\u00e1je asi jen m\u00e1lokdo za\u0159adil. Pikantn\u00ed p\u0159itom je, \u017ee a\u010dkoliv na\u0161e kniha je tematicky postavena na pov\u00edd\u00e1n\u00ed o rozhledn\u00e1ch, opravdov\u00fdch rozhleden, coby v\u00fdsledk\u016f \u010din\u011bn\u00ed turistick\u00fdch spolk\u016f, je v \u010cesk\u00e9m r\u00e1ji vcelku m\u00e1lo. \u0158ada vyhl\u00eddkov\u00fdch v\u011b\u017e\u00ed zde byla um\u00edst\u011bna na star\u0161\u00edch ba\u0161t\u00e1ch zdej\u0161\u00edch hrad\u016f, kter\u00e9 ov\u0161em byly postaveny pro zcela jin\u00e9 \u00fa\u010dely, ne\u017e je z\u00e1bavn\u00e9 rozhl\u00ed\u017een\u00ed se. To n\u00e1m ale ani trochu nevadilo v nad\u0161en\u00ed, s n\u00edm\u017e jsme krajinou \u010cesk\u00e9ho r\u00e1je putovali a u\u017e\u00edvali si p\u0159itom zdej\u0161\u00ed n\u00e1lady a v\u00fdhled\u016f do malebn\u00e9ho kraje.<br \/>\nKnihy 555, 2018.<\/p>\n","protected":false},"excerpt":{"rendered":"<p>Marek \u0158eh\u00e1\u010dek, Petr Kurtin, Jan Pikous<\/p>\n","protected":false},"featured_media":10254,"template":"","meta":[],"_links":{"self":[{"href":"https:\/\/www.muzeum-turnov.cz\/de\/wp-json\/wp\/v2\/product\/10257\/"}],"collection":[{"href":"https:\/\/www.muzeum-turnov.cz\/de\/wp-json\/wp\/v2\/product\/"}],"about":[{"href":"https:\/\/www.muzeum-turnov.cz\/de\/wp-json\/wp\/v2\/types\/product\/"}],"version-history":[{"count":2,"href":"https:\/\/www.muzeum-turnov.cz\/de\/wp-json\/wp\/v2\/product\/10257\/revisions\/"}],"predecessor-version":[{"id":19731,"href":"https:\/\/www.muzeum-turnov.cz\/de\/wp-json\/wp\/v2\/product\/10257\/revisions\/19731\/"}],"wp:featuredmedia":[{"embeddable":true,"href":"https:\/\/www.muzeum-turnov.cz\/de\/wp-json\/wp\/v2\/media\/10254\/"}],"wp:attachment":[{"href":"https:\/\/www.muzeum-turnov.cz\/de\/wp-json\/wp\/v2\/media\/?parent=10257"}],"curies":[{"name":"wp","href":"https:\/\/api.w.org\/{rel}","templated":true}]}}