{"id":10269,"date":"2019-09-16T21:01:45","date_gmt":"2019-09-16T19:01:45","guid":{"rendered":"http:\/\/muzeumturnov.zpromotion.cz\/produkt\/ptaci-ceskeho-raje\/"},"modified":"2025-01-07T12:39:04","modified_gmt":"2025-01-07T11:39:04","slug":"ptaci-ceskeho-raje","status":"publish","type":"product","link":"https:\/\/www.muzeum-turnov.cz\/de\/produkt\/ptaci-ceskeho-raje\/","title":{"rendered":"Pt\u00e1ci \u010cesk\u00e9ho r\u00e1je"},"content":{"rendered":"<p>ZO \u010cSOP K\u0159\u00ed\u017e\u00e1nky. Ji\u010d\u00edn; 2000.<\/p>\n","protected":false},"excerpt":{"rendered":"<p>Zden\u011bk Mrk\u00e1\u010dek a spol.<\/p>\n","protected":false},"featured_media":10266,"template":"","meta":[],"_links":{"self":[{"href":"https:\/\/www.muzeum-turnov.cz\/de\/wp-json\/wp\/v2\/product\/10269\/"}],"collection":[{"href":"https:\/\/www.muzeum-turnov.cz\/de\/wp-json\/wp\/v2\/product\/"}],"about":[{"href":"https:\/\/www.muzeum-turnov.cz\/de\/wp-json\/wp\/v2\/types\/product\/"}],"version-history":[{"count":3,"href":"https:\/\/www.muzeum-turnov.cz\/de\/wp-json\/wp\/v2\/product\/10269\/revisions\/"}],"predecessor-version":[{"id":19761,"href":"https:\/\/www.muzeum-turnov.cz\/de\/wp-json\/wp\/v2\/product\/10269\/revisions\/19761\/"}],"wp:featuredmedia":[{"embeddable":true,"href":"https:\/\/www.muzeum-turnov.cz\/de\/wp-json\/wp\/v2\/media\/10266\/"}],"wp:attachment":[{"href":"https:\/\/www.muzeum-turnov.cz\/de\/wp-json\/wp\/v2\/media\/?parent=10269"}],"curies":[{"name":"wp","href":"https:\/\/api.w.org\/{rel}","templated":true}]}}