{"id":10293,"date":"2019-09-16T21:02:07","date_gmt":"2019-09-16T19:02:07","guid":{"rendered":"http:\/\/muzeumturnov.zpromotion.cz\/produkt\/skanzeny-muzea-lidove-architektury-v-prirode-v-cr-a-sr\/"},"modified":"2026-03-26T15:10:26","modified_gmt":"2026-03-26T14:10:26","slug":"skanzeny-muzea-lidove-architektury-v-prirode-v-cr-a-sr","status":"publish","type":"product","link":"https:\/\/www.muzeum-turnov.cz\/de\/produkt\/skanzeny-muzea-lidove-architektury-v-prirode-v-cr-a-sr\/","title":{"rendered":"SKANZENY \u2013 MUZEA LIDOV\u00c9 ARCHITEKTURY V P\u0158\u00cdROD\u011a V \u010cR A SR"},"content":{"rendered":"<p>V\u00fdznamnou sou\u010d\u00e1st\u00ed na\u0161\u00ed n\u00e1rodn\u00ed identity je tradi\u010dn\u00ed lidov\u00e1 kultura. S tou se v\u0161ak dnes u\u017e v jej\u00ed autentick\u00e9 podob\u011b t\u00e9m\u011b\u0159 nesetk\u00e1me. Modern\u00ed m\u011bstsk\u00fd \u017eivotn\u00ed styl se prosadil i na venkov\u011b. Kroje a zvyky byly z n\u00e1vs\u00ed vytla\u010deny jen na p\u00f3dia, zmizela i v\u011bt\u0161ina staveb lidov\u00e9 architektury.<br \/>\nP\u0159esto ob\u010das poci\u0165ujeme touhu vr\u00e1tit se do sv\u011bta na\u0161ich p\u0159edk\u016f s jeho prostotou a p\u0159irozenou kr\u00e1sou. M\u00edstem, kde se n\u00e1m to m\u016f\u017ee alespo\u0148 na chv\u00edli poda\u0159it, jsou skanzeny, jak jim u n\u00e1s \u0159\u00edk\u00e1me, neboli muzea lidov\u00e9 architektury v p\u0159\u00edrod\u011b. Skanzen spojuje prost\u0159ed\u00ed zachovan\u00fdch nebo rekonstruovan\u00fdch pam\u00e1tek lidov\u00e9 architektury s dal\u0161\u00edmi doklady tradi\u010dn\u00edho zp\u016fsobu \u017eivota na\u0161ich p\u0159edk\u016f, zem\u011bd\u011blstv\u00ed, \u0159emesel a zvyk\u016f, posledn\u00ed dobou \u010dasto i se \u017eiv\u00fdmi uk\u00e1zkami.<br \/>\nTato kniha zachycuje aktu\u00e1ln\u00ed stav muze\u00ed lidov\u00e9 architektury \u010cesk\u00e9 republiky a Slovenska v roce 2019 a poskytuje o n\u011bm informace v\u010detn\u011b bohat\u00e9 fotodokumentace.<br \/>\nVyd\u00e1no v roce 2019 (ANAG, Olomouc).<\/p>\n","protected":false},"excerpt":{"rendered":"<p>Petr Dvo\u0159\u00e1\u010dek<\/p>\n","protected":false},"featured_media":10290,"template":"","meta":[],"_links":{"self":[{"href":"https:\/\/www.muzeum-turnov.cz\/de\/wp-json\/wp\/v2\/product\/10293\/"}],"collection":[{"href":"https:\/\/www.muzeum-turnov.cz\/de\/wp-json\/wp\/v2\/product\/"}],"about":[{"href":"https:\/\/www.muzeum-turnov.cz\/de\/wp-json\/wp\/v2\/types\/product\/"}],"version-history":[{"count":1,"href":"https:\/\/www.muzeum-turnov.cz\/de\/wp-json\/wp\/v2\/product\/10293\/revisions\/"}],"predecessor-version":[{"id":16224,"href":"https:\/\/www.muzeum-turnov.cz\/de\/wp-json\/wp\/v2\/product\/10293\/revisions\/16224\/"}],"wp:featuredmedia":[{"embeddable":true,"href":"https:\/\/www.muzeum-turnov.cz\/de\/wp-json\/wp\/v2\/media\/10290\/"}],"wp:attachment":[{"href":"https:\/\/www.muzeum-turnov.cz\/de\/wp-json\/wp\/v2\/media\/?parent=10293"}],"curies":[{"name":"wp","href":"https:\/\/api.w.org\/{rel}","templated":true}]}}