{"id":10297,"date":"2019-09-16T21:02:10","date_gmt":"2019-09-16T19:02:10","guid":{"rendered":"http:\/\/muzeumturnov.zpromotion.cz\/produkt\/stari-pratele-symposia-turnov-1984-2014\/"},"modified":"2025-01-22T15:08:28","modified_gmt":"2025-01-22T14:08:28","slug":"stari-pratele-symposia-turnov-1984-2014","status":"publish","type":"product","link":"https:\/\/www.muzeum-turnov.cz\/de\/produkt\/stari-pratele-symposia-turnov-1984-2014\/","title":{"rendered":"Sta\u0159\u00ed p\u0159\u00e1tel\u00e9 \u2013 Symposia Turnov 1984 \u2013 2014"},"content":{"rendered":"<p>Katalog. Na sv\u011bt\u011b existuje v\u00edce rozs\u00e1hl\u00fdch a presti\u017en\u00edch sb\u00edrek sou\u010dasn\u00e9ho \u0161perku, jenom jedna z nich, ta, kterou spravuje Muzeum \u010cesk\u00e9ho r\u00e1je v Turnov\u011b, vznikla jako v\u00fdsledek pracovn\u00edho setk\u00e1n\u00ed \u0161perka\u0159\u016f a tak nejen dokumentuje v\u00fdvoj modern\u00edho \u0161perku v posledn\u00edch t\u0159iceti letech, ale je dokladem o setk\u00e1v\u00e1n\u00ed v\u00fdtvarn\u00edk\u016f z cel\u00e9ho sv\u011bta.<br \/>\nTurnov: Muzeum \u010cesk\u00e9ho r\u00e1je; 2014.<\/p>\n","protected":false},"excerpt":{"rendered":"<p>Miroslav Cogan<\/p>\n","protected":false},"featured_media":10294,"template":"","meta":[],"_links":{"self":[{"href":"https:\/\/www.muzeum-turnov.cz\/de\/wp-json\/wp\/v2\/product\/10297\/"}],"collection":[{"href":"https:\/\/www.muzeum-turnov.cz\/de\/wp-json\/wp\/v2\/product\/"}],"about":[{"href":"https:\/\/www.muzeum-turnov.cz\/de\/wp-json\/wp\/v2\/types\/product\/"}],"version-history":[{"count":2,"href":"https:\/\/www.muzeum-turnov.cz\/de\/wp-json\/wp\/v2\/product\/10297\/revisions\/"}],"predecessor-version":[{"id":19752,"href":"https:\/\/www.muzeum-turnov.cz\/de\/wp-json\/wp\/v2\/product\/10297\/revisions\/19752\/"}],"wp:featuredmedia":[{"embeddable":true,"href":"https:\/\/www.muzeum-turnov.cz\/de\/wp-json\/wp\/v2\/media\/10294\/"}],"wp:attachment":[{"href":"https:\/\/www.muzeum-turnov.cz\/de\/wp-json\/wp\/v2\/media\/?parent=10297"}],"curies":[{"name":"wp","href":"https:\/\/api.w.org\/{rel}","templated":true}]}}