{"id":10349,"date":"2019-09-16T21:03:08","date_gmt":"2019-09-16T19:03:08","guid":{"rendered":"http:\/\/muzeumturnov.zpromotion.cz\/produkt\/z-ceskeho-raje-a-podkrkonosi-supplementum-16-karel-kazbunda-kulturni-dedictvi-a-mezinarodni-pravo\/"},"modified":"2024-04-30T13:22:31","modified_gmt":"2024-04-30T11:22:31","slug":"z-ceskeho-raje-a-podkrkonosi-supplementum-16-karel-kazbunda-kulturni-dedictvi-a-mezinarodni-pravo","status":"publish","type":"product","link":"https:\/\/www.muzeum-turnov.cz\/de\/produkt\/z-ceskeho-raje-a-podkrkonosi-supplementum-16-karel-kazbunda-kulturni-dedictvi-a-mezinarodni-pravo\/","title":{"rendered":"Z \u010cesk\u00e9ho r\u00e1je a Podkrkono\u0161\u00ed \u2013 supplementum 16. Karel Kazbunda, kulturn\u00ed d\u011bdictv\u00ed a mezin\u00e1rodn\u00ed pr\u00e1vo"},"content":{"rendered":"<p>Refer\u00e1ty z v\u011bdeck\u00e9 konference konan\u00e9 ve dnech 19. \u2013 20. dubna 2013 v Ji\u010d\u00edn\u011b.<\/p>\n<p>http:\/\/www.soalitomerice.cz\/z-ceskeho-raje-a-podkrkonosi-supplementum-16-karel-kazbunda-kulturni-dedictvi-a-mezinarodni-pravo-referaty-z-vedecke-konference-konane-ve-dnech-19-20-dubna-2013-v-jicine\/<\/p>\n","protected":false},"excerpt":{"rendered":"<p>Okresn\u00ed archiv Semily<\/p>\n","protected":false},"featured_media":10346,"template":"","meta":[],"_links":{"self":[{"href":"https:\/\/www.muzeum-turnov.cz\/de\/wp-json\/wp\/v2\/product\/10349\/"}],"collection":[{"href":"https:\/\/www.muzeum-turnov.cz\/de\/wp-json\/wp\/v2\/product\/"}],"about":[{"href":"https:\/\/www.muzeum-turnov.cz\/de\/wp-json\/wp\/v2\/types\/product\/"}],"version-history":[{"count":2,"href":"https:\/\/www.muzeum-turnov.cz\/de\/wp-json\/wp\/v2\/product\/10349\/revisions\/"}],"predecessor-version":[{"id":20141,"href":"https:\/\/www.muzeum-turnov.cz\/de\/wp-json\/wp\/v2\/product\/10349\/revisions\/20141\/"}],"wp:featuredmedia":[{"embeddable":true,"href":"https:\/\/www.muzeum-turnov.cz\/de\/wp-json\/wp\/v2\/media\/10346\/"}],"wp:attachment":[{"href":"https:\/\/www.muzeum-turnov.cz\/de\/wp-json\/wp\/v2\/media\/?parent=10349"}],"curies":[{"name":"wp","href":"https:\/\/api.w.org\/{rel}","templated":true}]}}