{"id":15829,"date":"2019-12-10T12:54:02","date_gmt":"2019-12-10T11:54:02","guid":{"rendered":"https:\/\/www.muzeum-turnov.cz\/?post_type=product&#038;p=15829"},"modified":"2024-07-26T13:31:37","modified_gmt":"2024-07-26T11:31:37","slug":"josef-pekar-pribeh-knihy-o-kosti","status":"publish","type":"product","link":"https:\/\/www.muzeum-turnov.cz\/de\/produkt\/josef-pekar-pribeh-knihy-o-kosti\/","title":{"rendered":"Josef Peka\u0159: P\u0159\u00edb\u011bh knihy o Kosti"},"content":{"rendered":"<p>Kniha o Kosti pat\u0159i bezesporu k nejorigin\u00e1ln\u011bj\u0161\u00edm d\u00edl\u016fm \u010desk\u00e9 historiografie 20. stolet\u00ed. Zd\u00e1lo se, \u017ee o jej\u00edm autorovi stejn\u011b jako o vzniku t\u00e9to monografie bylo zn\u00e1mo bezm\u00e1la v\u0161echno. Ale nen\u00ed tomu tak. Ned\u00e1vno byla nalezena p\u016fvodn\u00ed verzi, kterou napsal Josef Peka\u0159 v l\u00e9t\u011b roku 1909, dal ji vys\u00e1zet a pak ji zd\u00e1nliv\u011b od z\u00e1kladu p\u0159epracoval. P\u016fvodn\u00ed sazba se v\u0161ak zachovala, p\u0159esto\u017ee nebyla dlouho zn\u00e1ma. Peka\u0159 se pokusil o velmi podrobn\u00e9 l\u00ed\u010den\u00ed kosteck\u00e9ho panstv\u00ed v \u00e9\u0159e \u010cern\u00edn\u016f, p\u0159i\u010dem\u017e pod\u00e1v\u00e1 v podstat\u011b mikrohistorick\u00fd obraz, v soudob\u00e9 historiografii st\u00e1le v\u00fdrazn\u011bji uplat\u0148ovan\u00fd. Jedn\u00e1 se o p\u016fvodn\u00ed nepublikovan\u00fd text jednoho z nev\u00fdznamn\u011bj\u0161\u00edch \u010desk\u00fdch historik\u016f, kter\u00fd p\u0159edstavuje jedine\u010dn\u00fd vhled do historikovy d\u00edlny. K vyd\u00e1n\u00ed p\u0159ipravili Jaroslav a Jana \u010cechurovi. Vydalo Argo; 2005.<\/p>\n","protected":false},"excerpt":{"rendered":"<p>Josef Peka\u0159; Jaroslav a Jana \u010cechurovi<\/p>\n","protected":false},"featured_media":15830,"template":"","meta":[],"_links":{"self":[{"href":"https:\/\/www.muzeum-turnov.cz\/de\/wp-json\/wp\/v2\/product\/15829\/"}],"collection":[{"href":"https:\/\/www.muzeum-turnov.cz\/de\/wp-json\/wp\/v2\/product\/"}],"about":[{"href":"https:\/\/www.muzeum-turnov.cz\/de\/wp-json\/wp\/v2\/types\/product\/"}],"version-history":[{"count":3,"href":"https:\/\/www.muzeum-turnov.cz\/de\/wp-json\/wp\/v2\/product\/15829\/revisions\/"}],"predecessor-version":[{"id":19667,"href":"https:\/\/www.muzeum-turnov.cz\/de\/wp-json\/wp\/v2\/product\/15829\/revisions\/19667\/"}],"wp:featuredmedia":[{"embeddable":true,"href":"https:\/\/www.muzeum-turnov.cz\/de\/wp-json\/wp\/v2\/media\/15830\/"}],"wp:attachment":[{"href":"https:\/\/www.muzeum-turnov.cz\/de\/wp-json\/wp\/v2\/media\/?parent=15829"}],"curies":[{"name":"wp","href":"https:\/\/api.w.org\/{rel}","templated":true}]}}